{"id":970,"date":"2024-07-01T16:00:07","date_gmt":"2024-07-01T16:00:07","guid":{"rendered":"http:\/\/vipinvest.hu\/?page_id=970"},"modified":"2024-07-01T16:03:07","modified_gmt":"2024-07-01T16:03:07","slug":"palyazat-jo","status":"publish","type":"page","link":"http:\/\/vipinvest.hu\/?page_id=970","title":{"rendered":"P\u00e1ly\u00e1zat-j\u00f3"},"content":{"rendered":"<p>[et_pb_section fb_built=&#8221;1&#8243; _builder_version=&#8221;4.6.6&#8243; _module_preset=&#8221;default&#8221;][et_pb_row column_structure=&#8221;1_2,1_2&#8243; _builder_version=&#8221;4.6.6&#8243; _module_preset=&#8221;default&#8221; width=&#8221;84.4%&#8221; custom_padding=&#8221;|0px||||&#8221;][et_pb_column type=&#8221;1_2&#8243; _builder_version=&#8221;4.6.6&#8243; _module_preset=&#8221;default&#8221;][et_pb_image src=&#8221;http:\/\/vipinvest.hu\/wp-content\/uploads\/2024\/07\/2022-71-11_15-37-45_a3_fekvo_vagojel_nelkuli-1.png&#8221; alt=&#8221;Info t\u00e1bla&#8221; title_text=&#8221;2022-71-11_15-37-45_a3_fekvo_vagojel_nelkuli (1)&#8221; _builder_version=&#8221;4.7.4&#8243; _module_preset=&#8221;default&#8221; custom_margin=&#8221;|-3px||||&#8221; custom_padding=&#8221;|0px||||&#8221; box_shadow_style=&#8221;preset1&#8243; box_shadow_color=&#8221;#1f3777&#8243;][\/et_pb_image][\/et_pb_column][et_pb_column type=&#8221;1_2&#8243; _builder_version=&#8221;4.6.6&#8243; _module_preset=&#8221;default&#8221;][et_pb_text _builder_version=&#8221;4.7.4&#8243; _module_preset=&#8221;default&#8221; text_font=&#8221;Montserrat|600|||||||&#8221; text_text_color=&#8221;#000000&#8243; text_font_size=&#8221;19px&#8221; text_line_height=&#8221;1.6em&#8221; header_2_font=&#8221;Montserrat|600|||||||&#8221; header_2_line_height=&#8221;1.6em&#8221; width=&#8221;100%&#8221; custom_padding=&#8221;||0px|||&#8221;]<\/p>\n<p>A VI-Partner Invest Kft. \u201eHat\u00e9konys\u00e1g n\u00f6vel\u0151 \u00faj eszk\u00f6z beszerz\u00e9se &#8211; VI-Partner Invest Kft.-n\u00e9l\u201dc\u00edm\u0171, GINOP_PLUSZ-1.2.2-22-2022-02636 azonos\u00edt\u00f3sz\u00e1m\u00fa t\u00e1mogat\u00e1si k\u00e9relme 8 737 465 Ft, azaz nyolcmilli\u00f3h\u00e9tsz\u00e1zharminch\u00e9tezer-n\u00e9gysz\u00e1zhatvan\u00f6t forint \u00f6sszeg\u0171, vissza nem t\u00e9r\u00edtend\u0151 t\u00e1mogat\u00e1st nyert a GINOP Plusz-1.2.2-22 Magyar Falu V\u00e1llalkoz\u00e1s-\u00fajraind\u00edt\u00e1si Program elnevez\u00e9s\u0171 p\u00e1ly\u00e1zati ki\u00edr\u00e1son.<\/p>\n<p>A projekt forr\u00e1s\u00e1t az Eur\u00f3pai Region\u00e1lis Fejleszt\u00e9si Alap \u00e9s Magyarorsz\u00e1g k\u00f6lts\u00e9gvet\u00e9se t\u00e1rsfinansz\u00edroz\u00e1sban biztos\u00edtja.<\/p>\n<p>&nbsp;<\/p>\n<p>A beruh\u00e1z\u00e1ssal c\u00e9lunk a kivitelez\u00e9si munk\u00e1ink hat\u00e9konys\u00e1g\u00e1nak n\u00f6vel\u00e9se.<\/p>\n<p>C\u00e9g\u00fcnk tov\u00e1bbfejl\u0151d\u00e9s\u00e9t biztos\u00edtand\u00f3an a tov\u00e1bbi beruh\u00e1z\u00e1si ingatlanjainkhoz csatlakoz\u00f3 vizik\u00f6zm\u0171 h\u00e1l\u00f3zatok \u00e9s ter\u00fcletrendez\u00e9s ki\u00e9p\u00edt\u00e9s\u00e9re is alkalmasak lett\u00fcnk a beszerzett \u00faj eszk\u00f6z hat\u00e9kony seg\u00edts\u00e9ge mellett.<\/p>\n<p>A szabad kapacit\u00e1s\u00fa munkag\u00e9pet tev\u00e9kenys\u00e9gi k\u00f6r\u00fcnk b\u0151v\u00edt\u00e9sek\u00e9nt egy\u00e9b v\u00e1llalkoz\u00e1sok, mag\u00e1nszem\u00e9lyek megb\u00edz\u00e1s\u00e1b\u00f3l saj\u00e1t hum\u00e1n er\u0151forr\u00e1ssal munk\u00e1ba tudjuk \u00e1ll\u00edtani, v\u00e1llalkoz\u00e1sunk stabilit\u00e1s\u00e1nak n\u00f6vel\u00e9s\u00e9re.<\/p>\n<p>[\/et_pb_text][\/et_pb_column][\/et_pb_row][\/et_pb_section][et_pb_section fb_built=&#8221;1&#8243; admin_label=&#8221;h\u00edvjon minket szekci\u00f3&#8221; _builder_version=&#8221;4.6.6&#8243; background_enable_image=&#8221;off&#8221; custom_padding=&#8221;102px||90px||false|false&#8221; top_divider_height=&#8221;40px&#8221; top_divider_flip=&#8221;vertical&#8221;][et_pb_row admin_label=&#8221;Reach Us Area&#8221; _builder_version=&#8221;3.25&#8243;][et_pb_column type=&#8221;4_4&#8243; _builder_version=&#8221;3.25&#8243; custom_padding=&#8221;|||&#8221; custom_padding__hover=&#8221;|||&#8221;][et_pb_text admin_label=&#8221;1&#8243; _builder_version=&#8221;4.6.6&#8243; header_2_font=&#8221;Montserrat|700||on|||||&#8221; header_2_text_align=&#8221;center&#8221; header_2_text_color=&#8221;#1f3351&#8243; header_2_font_size=&#8221;30px&#8221; max_width=&#8221;550px&#8221; module_alignment=&#8221;center&#8221; custom_margin=&#8221;||0px|&#8221;]<\/p>\n<h2>H\u00edvjon minket<\/h2>\n<p>[\/et_pb_text][et_pb_divider color=&#8221;#ffffff&#8221; divider_position=&#8221;center&#8221; divider_weight=&#8221;3px&#8221; _builder_version=&#8221;3.17.3&#8243; max_width=&#8221;50px&#8221; module_alignment=&#8221;center&#8221; custom_margin=&#8221;||20px|&#8221;][\/et_pb_divider][et_pb_text _builder_version=&#8221;4.6.6&#8243; text_font=&#8221;Montserrat||||||||&#8221; text_text_color=&#8221;#f15524&#8243; text_font_size=&#8221;15px&#8221; text_line_height=&#8221;1.6em&#8221; text_orientation=&#8221;center&#8221; max_width=&#8221;550px&#8221; module_alignment=&#8221;center&#8221;]<\/p>\n<p>Ha szolg\u00e1ltat\u00e1saink felkeltett\u00e9k az \u00e9rdekl\u0151d\u00e9st, az al\u00e1bbi el\u00e9rhet\u0151s\u00e9geinken keressen minket b\u00e1tran!<\/p>\n<p>[\/et_pb_text][\/et_pb_column][\/et_pb_row][et_pb_row column_structure=&#8221;1_3,1_3,1_3&#8243; use_custom_gutter=&#8221;on&#8221; gutter_width=&#8221;2&#8243; _builder_version=&#8221;3.25&#8243; global_module=&#8221;915&#8243;][et_pb_column type=&#8221;1_3&#8243; _builder_version=&#8221;3.25&#8243; custom_padding=&#8221;|||&#8221; custom_padding__hover=&#8221;|||&#8221;][et_pb_blurb title=&#8221;C\u00edm\u00fcnk&#8221; url=&#8221;http:\/\/vipinvest.hu\/?page_id=14\/#terkep&#8221; use_icon=&#8221;on&#8221; font_icon=&#8221;%%249%%&#8221; icon_color=&#8221;#1f3777&#8243; use_icon_font_size=&#8221;on&#8221; icon_font_size=&#8221;32px&#8221; admin_label=&#8221;1&#8243; _builder_version=&#8221;4.7.3&#8243; header_font=&#8221;Montserrat|700|||||||&#8221; header_text_color=&#8221;#1f3777&#8243; header_font_size=&#8221;20px&#8221; header_line_height=&#8221;1.6em&#8221; body_font=&#8221;Montserrat||||||||&#8221; body_text_color=&#8221;#232528&#8243; body_line_height=&#8221;1.8em&#8221; background_color=&#8221;#ffffff&#8221; text_orientation=&#8221;center&#8221; custom_padding=&#8221;60px|30px|60px|30px&#8221; animation_style=&#8221;fade&#8221; link_option_url=&#8221;http:\/\/vipinvest.hu\/?page_id=14\/#terkep&#8221; box_shadow_style=&#8221;preset1&#8243; box_shadow_color=&#8221;rgba(0,0,0,0.58)&#8221;]<\/p>\n<p>2465 R\u00e1ckereszt\u00far Szegf\u0171 u. 2\/1<\/p>\n<p>[\/et_pb_blurb][\/et_pb_column][et_pb_column type=&#8221;1_3&#8243; _builder_version=&#8221;3.25&#8243; custom_padding=&#8221;|||&#8221; custom_padding__hover=&#8221;|||&#8221;][et_pb_blurb title=&#8221;Telefonsz\u00e1m&#8221; use_icon=&#8221;on&#8221; font_icon=&#8221;%%264%%&#8221; icon_color=&#8221;#1f3777&#8243; use_icon_font_size=&#8221;on&#8221; icon_font_size=&#8221;32px&#8221; admin_label=&#8221;1&#8243; _builder_version=&#8221;4.7.3&#8243; header_font=&#8221;Montserrat|700|||||||&#8221; header_text_color=&#8221;#1f3777&#8243; header_font_size=&#8221;20px&#8221; header_line_height=&#8221;1.6em&#8221; body_font=&#8221;Montserrat||||||||&#8221; body_text_color=&#8221;#232528&#8243; body_line_height=&#8221;1.8em&#8221; background_color=&#8221;#ffffff&#8221; text_orientation=&#8221;center&#8221; custom_padding=&#8221;60px|30px|60px|30px&#8221; animation_style=&#8221;fade&#8221; box_shadow_style=&#8221;preset1&#8243; box_shadow_color=&#8221;rgba(0,0,0,0.58)&#8221;]<\/p>\n<p>+36 20 462 98 36<\/p>\n<p>[\/et_pb_blurb][\/et_pb_column][et_pb_column type=&#8221;1_3&#8243; _builder_version=&#8221;3.25&#8243; custom_padding=&#8221;|||&#8221; custom_padding__hover=&#8221;|||&#8221;][et_pb_blurb title=&#8221;Email&#8221; url=&#8221;http:\/\/vipinvest.hu\/?page_id=14&#8243; use_icon=&#8221;on&#8221; font_icon=&#8221;%%238%%&#8221; icon_color=&#8221;#1f3777&#8243; use_icon_font_size=&#8221;on&#8221; icon_font_size=&#8221;32px&#8221; admin_label=&#8221;1&#8243; _builder_version=&#8221;4.7.3&#8243; header_font=&#8221;Montserrat|700|||||||&#8221; header_text_color=&#8221;#1f3777&#8243; header_font_size=&#8221;20px&#8221; header_line_height=&#8221;1.6em&#8221; body_font=&#8221;Montserrat||||||||&#8221; body_text_color=&#8221;#232528&#8243; body_line_height=&#8221;1.8em&#8221; background_color=&#8221;#ffffff&#8221; text_orientation=&#8221;center&#8221; custom_padding=&#8221;60px|30px|60px|30px&#8221; animation_style=&#8221;fade&#8221; link_option_url=&#8221;http:\/\/vipinvest.hu\/?page_id=14&#8243; box_shadow_style=&#8221;preset1&#8243; box_shadow_color=&#8221;rgba(0,0,0,0.58)&#8221;]<\/p>\n<p>office@vipinvest.hu<\/p>\n<p>[\/et_pb_blurb][\/et_pb_column][\/et_pb_row][\/et_pb_section]<\/p>\n","protected":false},"excerpt":{"rendered":"<p>[et_pb_section fb_built=&#8221;1&#8243; _builder_version=&#8221;4.6.6&#8243; _module_preset=&#8221;default&#8221;][et_pb_row column_structure=&#8221;1_2,1_2&#8243; _builder_version=&#8221;4.6.6&#8243; _module_preset=&#8221;default&#8221; width=&#8221;84.4%&#8221; custom_padding=&#8221;|0px||||&#8221;][et_pb_column type=&#8221;1_2&#8243; _builder_version=&#8221;4.6.6&#8243; _module_preset=&#8221;default&#8221;][et_pb_image src=&#8221;http:\/\/vipinvest.hu\/wp-content\/uploads\/2024\/07\/2022-71-11_15-37-45_a3_fekvo_vagojel_nelkuli-1.png&#8221; alt=&#8221;Info t\u00e1bla&#8221; title_text=&#8221;2022-71-11_15-37-45_a3_fekvo_vagojel_nelkuli (1)&#8221; _builder_version=&#8221;4.7.4&#8243; _module_preset=&#8221;default&#8221; custom_margin=&#8221;|-3px||||&#8221; custom_padding=&#8221;|0px||||&#8221; box_shadow_style=&#8221;preset1&#8243; box_shadow_color=&#8221;#1f3777&#8243;][\/et_pb_image][\/et_pb_column][et_pb_column type=&#8221;1_2&#8243; _builder_version=&#8221;4.6.6&#8243; _module_preset=&#8221;default&#8221;][et_pb_text _builder_version=&#8221;4.7.4&#8243; _module_preset=&#8221;default&#8221; text_font=&#8221;Montserrat|600|||||||&#8221; text_text_color=&#8221;#000000&#8243; text_font_size=&#8221;19px&#8221; text_line_height=&#8221;1.6em&#8221; header_2_font=&#8221;Montserrat|600|||||||&#8221; header_2_line_height=&#8221;1.6em&#8221; width=&#8221;100%&#8221; custom_padding=&#8221;||0px|||&#8221;] A VI-Partner Invest Kft. \u201eHat\u00e9konys\u00e1g n\u00f6vel\u0151 \u00faj eszk\u00f6z beszerz\u00e9se &#8211; VI-Partner Invest Kft.-n\u00e9l\u201dc\u00edm\u0171, GINOP_PLUSZ-1.2.2-22-2022-02636 azonos\u00edt\u00f3sz\u00e1m\u00fa t\u00e1mogat\u00e1si k\u00e9relme 8 737 [&hellip;]<\/p>\n","protected":false},"author":1,"featured_media":0,"parent":0,"menu_order":0,"comment_status":"closed","ping_status":"closed","template":"","meta":{"_et_pb_use_builder":"on","_et_pb_old_content":"<!-- wp:paragraph -->\r\n<p><strong>Ingatlan fejleszt\u00e9s, ingatlan\r\nforgalmaz\u00e1s:<\/strong><\/p>\r\n<!-- \/wp:paragraph -->\r\n\r\n<!-- wp:paragraph -->\r\n<p>Megrendel\u0151i ig\u00e9nyekre szabott\r\negyedi tervez\u00e9s\u0171 csal\u00e1di h\u00e1zak kivitelez\u00e9se Budapest agglomer\u00e1ci\u00f3j\u00e1ban, kit\u0171n\u0151\r\nmegk\u00f6zel\u00edt\u00e9ssel nyugodt k\u00f6rnyezetben. <\/p>\r\n<!-- \/wp:paragraph -->\r\n\r\n<!-- wp:paragraph -->\r\n<p>Megk\u00f6zel\u00edthet\u0151s\u00e9g \u00e9s\r\ninfrastrukt\u00fara: <\/p>\r\n<!-- \/wp:paragraph -->\r\n\r\n<!-- wp:paragraph -->\r\n<p>R\u00e1ckereszt\u00far Budapestt\u0151l\r\naut\u00f3val 15 perc alatt el\u00e9rhet\u0151, a k\u00f6zelben tal\u00e1lhat\u00f3 M6 \u00e9s M7 aut\u00f3p\u00e1lya (Pest\r\nmegyei matric\u00e1val haszn\u00e1lhat\u00f3). Martonv\u00e1s\u00e1rra busszal lehet \u00e1tjutni, ahonnan az\r\nel\u0151v\u00e1rosi vonattal szint\u00e9n gyorsan el lehet \u00e9rni a Kelenf\u00f6ldi vagy a D\u00e9li\r\np\u00e1lyaudvart \u00e9s az ott l\u00e9v\u0151 M4 \u00e9s M2 metr\u00f3vonalakat. Budat\u00e9t\u00e9nyb\u0151l a 17-es\r\nvillamossal a teljes fon\u00f3d\u00f3 villamos p\u00e1ly\u00e1k el\u00e9rhet\u0151k.<\/p>\r\n<!-- \/wp:paragraph -->\r\n\r\n<!-- wp:paragraph -->\r\n<p>Az \u00e9p\u00edtend\u0151 h\u00e1zak az aktu\u00e1lis\r\nenergetikai szabv\u00e1nyoknak megfelel\u0151 korszer\u0171 \u00e9p\u00fcletek, mely kedvez\u0151 \u00e1raikkal\r\nvonz\u00f3 lehet\u0151s\u00e9get k\u00edn\u00e1lnak ak\u00e1r nagycsal\u00e1dosok r\u00e9sz\u00e9re is! Meg\u00fajul\u00f3 energia\r\nhaszn\u00e1lattal alacsony fenttart\u00e1sik\u00f6lts\u00e9g\u0171ek. Az alapvet\u0151en 90-100 m2-es h\u00e1zakra\r\na teljes CSOK felvehet\u0151 (a vev\u0151 nev\u00e9n t\u00f6rt\u00e9n\u0151 \u00e9p\u00edtkez\u00e9s eset\u00e9n tov\u00e1bbi\r\nkedvezm\u00e9nyekkel).\u00daj \u00e9p\u00edt\u00e9s\u0171, energiatakar\u00e9kos csal\u00e1di h\u00e1zak bels\u0151 kialak\u00edt\u00e1sa a\r\nmegrendel\u0151 ig\u00e9nyei szerint k\u00e9sz\u00fcl. Magas sz\u00ednvonal\u00fa munk\u00e1k hat\u00e1rid\u0151re kiv\u00e1l\u00f3,\r\nid\u0151t\u00e1ll\u00f3 min\u0151s\u00e9gben. T\u00f6bb \u00e9ves tapasztalattal rendelkez\u00fcnk gener\u00e1lkivitelez\u00e9s,\r\nh\u00e1z\u00e9p\u00edt\u00e9s, h\u00e1zfel\u00faj\u00edt\u00e1s, valamint lak\u00e1sfel\u00faj\u00edt\u00e1s \u00e9s egy\u00e9b \u00e9p\u00edt\u0151ipari\r\nkivitelez\u00e9sek ter\u00fclet\u00e9n. Min\u0151s\u00e9gi szolg\u00e1ltat\u00e1saink sz\u00ednvonal\u00e1t emeli\r\nmegb\u00edzhat\u00f3s\u00e1g, folyamatos el\u00e9rhet\u0151s\u00e9g, tapasztalt szakmai h\u00e1tt\u00e9r. Kivitelez\u0151\r\nc\u00e9g\u00fcnk helyi er\u0151forr\u00e1sra saj\u00e1t szakember g\u00e1rd\u00e1ra t\u00e1maszkodva v\u00e9gzi a\r\nmunk\u00e1latokat.<\/p>\r\n<!-- \/wp:paragraph -->\r\n\r\n<!-- wp:paragraph -->\r\n<p><strong>Gener\u00e1l kivitelez\u00e9si\r\nszolg\u00e1ltat\u00e1s el\u0151nye \u00d6nnek:<\/strong><\/p>\r\n<!-- \/wp:paragraph -->\r\n\r\n<!-- wp:paragraph -->\r\n<p>A kivitelez\u0151k\u00e9nt \u00e1tv\u00e1llaljuk az\r\n\u00e9p\u00edtkez\u00e9s minden gondj\u00e1t kezdetekt\u0151l a h\u00e1z meg\u00e9p\u00fcl\u00e9s\u00e9ig. R\u00e1ad\u00e1sul mindezt olyan\r\n\u00e1ron, ami minden tekintetben meg\u00e9ri \u00d6nnek, hiszen egy csom\u00f3 kellemetlens\u00e9gt\u0151l,\r\nstresszt\u0151l, veszeked\u00e9st\u0151l k\u00edm\u00e9li meg a mag\u00e1t \u00e9s eg\u00e9sz csal\u00e1dj\u00e1t. A tervez\u00e9st\u0151l\r\naz \u00e9p\u00edt\u00e9si enged\u00e9lyez\u00e9si tervek elk\u00e9sz\u00edt\u00e9s\u00e9t\u0151l, a kiviteli tervek elk\u00e9sz\u00edt\u00e9s\u00e9n\r\n\u00e1t, a kivitelez\u00e9s minden munkaf\u00e1zis\u00e1n kereszt\u00fcl kulcs\u00e1tad\u00e1sig, ig\u00e9ny eset\u00e9n\r\nteljes k\u00f6r\u0171 \u00fcgyint\u00e9z\u00e9st\u0151l, a berendez\u00e9s kiv\u00e1laszt\u00e1s\u00e1ig tart. A munkafolyamatok\r\nkoordin\u00e1l\u00e1sa \u00e9s \u00f6sszehangol\u00e1sa a MI k\u00f6zponti feladatunk lesz. <\/p>\r\n<!-- \/wp:paragraph -->\r\n\r\n<!-- wp:paragraph -->\r\n<p>A gener\u00e1lkivitelez\u00e9s teh\u00e1t ezt\r\na rengeteg folyamatot t\u00f6m\u00f6r\u00edti annak \u00e9rdek\u00e9ben, hogy a megrendel\u0151 elk\u00e9pzel\u00e9seit\r\nmegval\u00f3s\u00edtsa, majd megrendel\u0151 <strong>\u00e1tvehesse\r\nleend\u0151 otthon\u00e1nak a kulcs\u00e1t<\/strong>.<\/p>\r\n<!-- \/wp:paragraph -->\r\n\r\n<!-- wp:image -->\r\n<figure class=\"wp-block-image\"><img src=\"\" alt=\"\"\/><\/figure>\r\n<!-- \/wp:image -->\r\n\r\n<!-- wp:paragraph -->\r\n<p>A k\u00e9p\r\nt\u00e1j\u00e9koztat\u00f3 jeleg\u0171,a megjelen\u00e9s megrendel\u0151i ig\u00e9nyek alapj\u00e1n v\u00e1ltozhat.<\/p>\r\n<!-- \/wp:paragraph -->\r\n\r\n<!-- wp:paragraph -->\r\n<p>Jelenlegi\r\nfut\u00f3 Projekt:<\/p>\r\n<!-- \/wp:paragraph -->\r\n\r\n<!-- wp:paragraph -->\r\n<p>Liliom\r\nu. 4.<\/p>\r\n<!-- \/wp:paragraph -->\r\n\r\n<!-- wp:paragraph -->\r\n<p>Liliom\r\nu. 6.<\/p>\r\n<!-- \/wp:paragraph -->\r\n\r\n<!-- wp:paragraph -->\r\n<p>Tervek\r\n(link)<\/p>\r\n<!-- \/wp:paragraph -->\r\n\r\n<!-- wp:paragraph -->\r\n<p>Webcam\r\n(link)<\/p>\r\n<!-- \/wp:paragraph -->\r\n\r\n<!-- wp:image -->\r\n<figure class=\"wp-block-image\"><img src=\"\" alt=\"\"\/><\/figure>\r\n<!-- \/wp:image -->\r\n\r\n<!-- wp:image -->\r\n<figure class=\"wp-block-image\"><img src=\"\" alt=\"\"\/><\/figure>\r\n<!-- \/wp:image -->","_et_gb_content_width":""},"_links":{"self":[{"href":"http:\/\/vipinvest.hu\/index.php?rest_route=\/wp\/v2\/pages\/970"}],"collection":[{"href":"http:\/\/vipinvest.hu\/index.php?rest_route=\/wp\/v2\/pages"}],"about":[{"href":"http:\/\/vipinvest.hu\/index.php?rest_route=\/wp\/v2\/types\/page"}],"author":[{"embeddable":true,"href":"http:\/\/vipinvest.hu\/index.php?rest_route=\/wp\/v2\/users\/1"}],"replies":[{"embeddable":true,"href":"http:\/\/vipinvest.hu\/index.php?rest_route=%2Fwp%2Fv2%2Fcomments&post=970"}],"version-history":[{"count":6,"href":"http:\/\/vipinvest.hu\/index.php?rest_route=\/wp\/v2\/pages\/970\/revisions"}],"predecessor-version":[{"id":980,"href":"http:\/\/vipinvest.hu\/index.php?rest_route=\/wp\/v2\/pages\/970\/revisions\/980"}],"wp:attachment":[{"href":"http:\/\/vipinvest.hu\/index.php?rest_route=%2Fwp%2Fv2%2Fmedia&parent=970"}],"curies":[{"name":"wp","href":"https:\/\/api.w.org\/{rel}","templated":true}]}}