{"id":112,"date":"2020-11-20T08:32:17","date_gmt":"2020-11-20T08:32:17","guid":{"rendered":"http:\/\/vipinvest.hu\/?page_id=112"},"modified":"2020-11-23T08:47:35","modified_gmt":"2020-11-23T08:47:35","slug":"miert-fontos","status":"publish","type":"page","link":"http:\/\/vipinvest.hu\/?page_id=112","title":{"rendered":"Mi\u00e9rt fontos?"},"content":{"rendered":"<p>[et_pb_section fb_built=&#8221;1&#8243; _builder_version=&#8221;4.6.6&#8243; background_color=&#8221;#282828&#8243; use_background_color_gradient=&#8221;on&#8221; background_color_gradient_start=&#8221;#1f3351&#8243; background_color_gradient_end=&#8221;rgba(40,40,40,0.38)&#8221; background_color_gradient_overlays_image=&#8221;on&#8221; background_image=&#8221;http:\/\/vipinvest.hu\/wp-content\/uploads\/2020\/11\/iceland-3930162_1280-1-1.jpg&#8221; custom_padding=&#8221;10%|0px|10%|0px|true|false&#8221;][et_pb_row _builder_version=&#8221;3.25&#8243; custom_padding=&#8221;27px|0px|0|0px|false|false&#8221; custom_css_main_element=&#8221;z-index:99999 !important;&#8221;][et_pb_column type=&#8221;4_4&#8243; _builder_version=&#8221;3.25&#8243; custom_padding=&#8221;|||&#8221; custom_padding__hover=&#8221;|||&#8221;][et_pb_text _builder_version=&#8221;4.6.6&#8243; _module_preset=&#8221;default&#8221; header_font=&#8221;Montserrat|700||on|||||&#8221; header_text_align=&#8221;center&#8221; header_text_color=&#8221;#ffffff&#8221; header_font_size=&#8221;40px&#8221; header_line_height=&#8221;1.6em&#8221;]<\/p>\n<h1>Mi\u00e9rt fontos a Stabil Partner?<\/h1>\n<p>[\/et_pb_text][\/et_pb_column][\/et_pb_row][\/et_pb_section][et_pb_section fb_built=&#8221;1&#8243; _builder_version=&#8221;4.6.6&#8243; _module_preset=&#8221;default&#8221;][et_pb_row column_structure=&#8221;2_5,3_5&#8243; _builder_version=&#8221;4.6.6&#8243; _module_preset=&#8221;default&#8221;][et_pb_column type=&#8221;2_5&#8243; _builder_version=&#8221;4.6.6&#8243; _module_preset=&#8221;default&#8221;][et_pb_image src=&#8221;http:\/\/vipinvest.hu\/wp-content\/uploads\/2020\/11\/architecture-1477041_640.jpg&#8221; title_text=&#8221;architecture-1477041_640&#8243; _builder_version=&#8221;4.6.6&#8243; _module_preset=&#8221;default&#8221; box_shadow_style=&#8221;preset1&#8243; box_shadow_color=&#8221;#1f3777&#8243;][\/et_pb_image][et_pb_image src=&#8221;http:\/\/vipinvest.hu\/wp-content\/uploads\/2020\/11\/house-1407562_640.jpg&#8221; title_text=&#8221;house-1407562_640&#8243; _builder_version=&#8221;4.6.6&#8243; _module_preset=&#8221;default&#8221; box_shadow_style=&#8221;preset1&#8243; box_shadow_color=&#8221;#1f3777&#8243;][\/et_pb_image][\/et_pb_column][et_pb_column type=&#8221;3_5&#8243; _builder_version=&#8221;4.6.6&#8243; _module_preset=&#8221;default&#8221;][et_pb_text _builder_version=&#8221;4.6.6&#8243; _module_preset=&#8221;default&#8221; text_font=&#8221;Montserrat||||||||&#8221; text_text_color=&#8221;#000000&#8243; text_font_size=&#8221;19px&#8221; text_line_height=&#8221;1.6em&#8221; header_2_font=&#8221;Montserrat|600|||||||&#8221; header_2_font_size=&#8221;22px&#8221; header_2_line_height=&#8221;1.6em&#8221;]<\/p>\n<h2>Minden embernek elemi \u00e9rdeke, hogy az elk\u00e9pzel\u00e9seit \u00e9s v\u00e1gyait biztons\u00e1gban \u00e9s a kock\u00e1zatok cs\u00f6kkent\u00e9s\u00e9vel val\u00f3s\u00edtsa meg. Ennek megfelel\u0151en v\u00e1laszt mag\u00e1nak orvost, jogi k\u00e9pvisel\u0151t, p\u00e9nz\u00fcgyi tan\u00e1csad\u00f3t. \u00c9p\u00edt\u00e9si beruh\u00e1z\u00e1sokn\u00e1l ez\u00e9rt fontos hozz\u00e1\u00e9rt\u0151 szakembert v\u00e1lasztani.<\/h2>\n<p>[\/et_pb_text][et_pb_text _builder_version=&#8221;4.6.6&#8243; _module_preset=&#8221;default&#8221; text_font=&#8221;Montserrat||||||||&#8221; text_text_color=&#8221;#000000&#8243; text_font_size=&#8221;19px&#8221; text_line_height=&#8221;1.6em&#8221; header_2_font=&#8221;Montserrat|600|||||||&#8221; header_2_line_height=&#8221;1.6em&#8221;]<\/p>\n<p>Egy rutinos, j\u00f3l k\u00e9pzett m\u0171szaki ellen\u0151r nem \u201eellen\u0151r \u00e9s ellenf\u00e9l\u201d a beruh\u00e1z\u00e1sban r\u00e9sztvev\u0151k sz\u00e1m\u00e1ra. A Megrendel\u0151 r\u00e9sz\u00e9re kell\u0151 biztons\u00e1got ny\u00fajt, teljes\u00edti elk\u00e9pzel\u00e9seit \u00e9s \u00e9rv\u00e9nyes\u00edti akarat\u00e1t. Ezen f\u0151 szempontok figyelembe v\u00e9tel\u00e9vel cs\u00f6kkenti a kock\u00e1zatokat, p\u00f3tolja a hi\u00e1nyoss\u00e1gokat, \u00edgy sok-sok t\u00f6bblet k\u00f6lts\u00e9get takar\u00edt meg Megb\u00edz\u00f3ja sz\u00e1m\u00e1ra.<\/p>\n<p>[\/et_pb_text][et_pb_button button_url=&#8221;http:\/\/vipinvest.hu\/?page_id=14&#8243; url_new_window=&#8221;on&#8221; button_text=&#8221;Aj\u00e1nlatk\u00e9r\u00e9s&#8221; button_alignment=&#8221;center&#8221; _builder_version=&#8221;4.7.3&#8243; custom_button=&#8221;on&#8221; button_text_size=&#8221;16px&#8221; button_text_color=&#8221;#ffffff&#8221; button_bg_color=&#8221;#f15524&#8243; button_border_width=&#8221;0px&#8221; button_border_color=&#8221;#ff5e14&#8243; button_border_radius=&#8221;3px&#8221; button_font=&#8221;Montserrat|700|||||||&#8221; button_icon=&#8221;%%24%%&#8221; button_icon_color=&#8221;#ffffff&#8221; custom_padding=&#8221;18px|39px|18px|39px|true|true&#8221; button_text_color__hover_enabled=&#8221;on|hover&#8221; button_text_color__hover=&#8221;#ffffff&#8221; button_bg_color__hover_enabled=&#8221;on|hover&#8221; button_bg_color__hover=&#8221;#1f3777&#8243; button_bg_enable_color__hover=&#8221;on&#8221; button_border_color__hover_enabled=&#8221;on|hover&#8221; button_border_color__hover=&#8221;#0e2b5c&#8221; button_letter_spacing__hover_enabled=&#8221;on|desktop&#8221; button_letter_spacing__hover=&#8221;0px&#8221;][\/et_pb_button][\/et_pb_column][\/et_pb_row][et_pb_row column_structure=&#8221;1_2,1_2&#8243; _builder_version=&#8221;4.6.6&#8243; _module_preset=&#8221;default&#8221;][et_pb_column type=&#8221;1_2&#8243; _builder_version=&#8221;4.6.6&#8243; _module_preset=&#8221;default&#8221;][et_pb_text _builder_version=&#8221;4.6.6&#8243; _module_preset=&#8221;default&#8221; text_font=&#8221;Montserrat||||||||&#8221; text_text_color=&#8221;#000000&#8243; text_font_size=&#8221;19px&#8221; text_line_height=&#8221;1.6em&#8221; header_2_font=&#8221;Montserrat|600|||||||&#8221; header_2_line_height=&#8221;1.6em&#8221;]<\/p>\n<h2>A Stabil Partner&#8230;<\/h2>\n<p>[\/et_pb_text][et_pb_text _builder_version=&#8221;4.6.6&#8243; _module_preset=&#8221;default&#8221; text_font=&#8221;Montserrat||||||||&#8221; text_text_color=&#8221;#000000&#8243; text_font_size=&#8221;19px&#8221; text_line_height=&#8221;1.6em&#8221; header_2_font=&#8221;Montserrat|600|||||||&#8221; header_2_line_height=&#8221;1.6em&#8221;]<\/p>\n<p>A Megrendel\u0151 ir\u00e1nti maxim\u00e1lis lojalit\u00e1sa, elk\u00f6telezetts\u00e9ge \u00e9s sz\u00e9lesk\u00f6r\u0171 szakmai tapasztalata alapj\u00e1n \u00e9letre kelti a terveken szerepl\u0151 elk\u00e9pzel\u00e9seket. A tervez\u00e9si folyamatba bekapcsol\u00f3dva k\u00e9pes felm\u00e9rni a Megrendel\u0151i ig\u00e9nyeket \u00e9s a ki nem mondott k\u00e9rd\u00e9sekre is v\u00e1laszt tal\u00e1l. A tervez\u0151kkel egy\u00fcttm\u0171k\u00f6dve\u00a0 szakmai ismeretei alapj\u00e1n optim\u00e1lis megold\u00e1sokra h\u00edvja fel a figyelmet.<\/p>\n<p>[\/et_pb_text][\/et_pb_column][et_pb_column type=&#8221;1_2&#8243; _builder_version=&#8221;4.6.6&#8243; _module_preset=&#8221;default&#8221;][et_pb_image src=&#8221;http:\/\/vipinvest.hu\/wp-content\/uploads\/2020\/11\/house-3963987_640.jpg&#8221; title_text=&#8221;house-3963987_640&#8243; _builder_version=&#8221;4.6.6&#8243; _module_preset=&#8221;default&#8221; box_shadow_style=&#8221;preset1&#8243; box_shadow_color=&#8221;#1f3777&#8243;][\/et_pb_image][\/et_pb_column][\/et_pb_row][et_pb_row column_structure=&#8221;1_2,1_2&#8243; _builder_version=&#8221;4.6.6&#8243; _module_preset=&#8221;default&#8221;][et_pb_column type=&#8221;1_2&#8243; _builder_version=&#8221;4.6.6&#8243; _module_preset=&#8221;default&#8221;][et_pb_image src=&#8221;http:\/\/vipinvest.hu\/wp-content\/uploads\/2020\/11\/financing-3536755_640-1.jpg&#8221; title_text=&#8221;financing-3536755_640 (1)&#8221; _builder_version=&#8221;4.6.6&#8243; _module_preset=&#8221;default&#8221; custom_margin=&#8221;0px||||false|false&#8221; box_shadow_style=&#8221;preset1&#8243; box_shadow_color=&#8221;#1f3777&#8243;][\/et_pb_image][\/et_pb_column][et_pb_column type=&#8221;1_2&#8243; _builder_version=&#8221;4.6.6&#8243; _module_preset=&#8221;default&#8221;][et_pb_text _builder_version=&#8221;4.6.6&#8243; _module_preset=&#8221;default&#8221; text_font=&#8221;Montserrat||||||||&#8221; text_text_color=&#8221;#000000&#8243; text_font_size=&#8221;19px&#8221; text_line_height=&#8221;1.6em&#8221; header_2_font=&#8221;Montserrat|600|||||||&#8221; header_2_line_height=&#8221;1.6em&#8221;]<\/p>\n<h2>A Stabil Partner&#8230;<\/h2>\n<p>[\/et_pb_text][et_pb_text _builder_version=&#8221;4.6.6&#8243; _module_preset=&#8221;default&#8221; text_font=&#8221;Montserrat||||||||&#8221; text_text_color=&#8221;#000000&#8243; text_font_size=&#8221;19px&#8221; text_line_height=&#8221;1.6em&#8221; header_2_font=&#8221;Montserrat|600|||||||&#8221; header_2_line_height=&#8221;1.6em&#8221;]<\/p>\n<p>A takar\u00e9koss\u00e1got is figyelembe v\u00e9ve az elv\u00e1rt min\u0151s\u00e9get, a haszn\u00e1lhat\u00f3s\u00e1got \u00e9s \u00fczemeltet\u00e9si ig\u00e9nyeket \u00f6sszehangolja. T\u00e1rgyal\u00e1si &#8211; \u00e9s r\u00e1besz\u00e9l\u0151 k\u00e9pess\u00e9g\u00e9nek seg\u00edts\u00e9g\u00e9vel meggy\u0151zi a Tervez\u0151t, Beruh\u00e1z\u00f3t, hogy az \u00e1ltala fel\u00fclvizsg\u00e1lt tervek alapj\u00e1n k\u00e9sz\u00fcl\u0151 l\u00e9tes\u00edtm\u00e9ny \u00e9rt\u00e9kei ig\u00e9nyes \u00e9s megb\u00edzhat\u00f3 \u00e9p\u00edtm\u00e9nyt fognak eredm\u00e9nyezni. Elker\u00fclve a t\u00f6bbsz\u00f6ri terv- \u00e9s a szerz\u0151d\u00e9s m\u00f3dos\u00edt\u00e1sokb\u00f3l ad\u00f3d\u00f3 k\u00f6lts\u00e9gn\u00f6veked\u00e9st \u00e9s \u00edgy hasznot termel.<\/p>\n<p>[\/et_pb_text][\/et_pb_column][\/et_pb_row][et_pb_row column_structure=&#8221;1_2,1_2&#8243; _builder_version=&#8221;4.6.6&#8243; _module_preset=&#8221;default&#8221;][et_pb_column type=&#8221;1_2&#8243; _builder_version=&#8221;4.6.6&#8243; _module_preset=&#8221;default&#8221;][et_pb_text _builder_version=&#8221;4.6.6&#8243; _module_preset=&#8221;default&#8221; text_font=&#8221;Montserrat||||||||&#8221; text_text_color=&#8221;#000000&#8243; text_font_size=&#8221;19px&#8221; text_line_height=&#8221;1.6em&#8221; header_2_font=&#8221;Montserrat|600|||||||&#8221; header_2_line_height=&#8221;1.6em&#8221;]<\/p>\n<h2>A Stabil Partner&#8230;<\/h2>\n<p>[\/et_pb_text][et_pb_text _builder_version=&#8221;4.6.6&#8243; _module_preset=&#8221;default&#8221; text_font=&#8221;Montserrat||||||||&#8221; text_text_color=&#8221;#000000&#8243; text_font_size=&#8221;19px&#8221; text_line_height=&#8221;1.6em&#8221; header_2_font=&#8221;Montserrat|600|||||||&#8221; header_2_line_height=&#8221;1.6em&#8221;]<\/p>\n<p>Beruh\u00e1z\u00e1s megkezd\u00e9se el\u0151tt felt\u00e1rja azon hi\u00e1nyoss\u00e1gokat, vakfoltokat, melyek k\u00e9s\u0151bb f\u00e9lre\u00e9rt\u00e9st eredm\u00e9nyezhetnek, vit\u00e1kat okozhatnak. A projekt akad\u00e1lymentes folyamata \u00e9rdek\u00e9ben hat\u00f3s\u00e1gi egyeztet\u00e9seket folytat, mellyel a megval\u00f3s\u00edt\u00e1s g\u00f6rd\u00fcl\u00e9kenys\u00e9ge biztos\u00edthat\u00f3, a be nem kalkul\u00e1lt id\u0151beni cs\u00fasz\u00e1sok pedig elker\u00fclhet\u0151ek.<\/p>\n<p>[\/et_pb_text][et_pb_text _builder_version=&#8221;4.6.6&#8243; _module_preset=&#8221;default&#8221; text_font=&#8221;Montserrat||||||||&#8221; text_text_color=&#8221;#000000&#8243; text_font_size=&#8221;19px&#8221; text_line_height=&#8221;1.6em&#8221; header_2_font=&#8221;Montserrat|600|||||||&#8221; header_2_line_height=&#8221;1.6em&#8221;]<\/p>\n<p>A kivitelez\u00e9s folyam\u00e1n az \u00e9let- \u00e9s vagyonv\u00e9delem, valamint a jogszab\u00e1lyi el\u0151\u00edr\u00e1sok betartat\u00e1sa mellett\u00a0kontroll\u00e1lja a k\u00f6lts\u00e9geket \u00e9s az id\u0151tartamot is a Megrendel\u0151 \u00e9rdekeit v\u00e9dve. Rendszeres ellen\u0151rz\u00e9seket v\u00e9gez, hogy fel\u00fcgyelje az elv\u00e1rt min\u0151s\u00e9g betart\u00e1s\u00e1t, \u00e1lland\u00f3 el\u00e9rhet\u0151s\u00e9ggel kell\u0151 inform\u00e1ci\u00f3val szolg\u00e1l Megb\u00edz\u00f3j\u00e1nak. A folyamatos, probl\u00e9mamentes kivitelez\u00e9s lebonyol\u00edt\u00e1s\u00e1val, az elv\u00e1rt megt\u00e9r\u00fcl\u00e9s biztos\u00edt\u00e1sa \u00e9rdek\u00e9ben hossz\u00fa t\u00e1v\u00fa garanci\u00e1kat biztos\u00edt a Megb\u00edz\u00f3j\u00e1nak.<\/p>\n<p>[\/et_pb_text][\/et_pb_column][et_pb_column type=&#8221;1_2&#8243; _builder_version=&#8221;4.6.6&#8243; _module_preset=&#8221;default&#8221;][et_pb_image src=&#8221;http:\/\/vipinvest.hu\/wp-content\/uploads\/2020\/11\/house-4780574_640-1.jpg&#8221; title_text=&#8221;house-4780574_640 (1)&#8221; _builder_version=&#8221;4.6.6&#8243; _module_preset=&#8221;default&#8221; box_shadow_style=&#8221;preset1&#8243; box_shadow_color=&#8221;#1f3777&#8243;][\/et_pb_image][\/et_pb_column][\/et_pb_row][et_pb_row column_structure=&#8221;1_2,1_2&#8243; _builder_version=&#8221;4.6.6&#8243; _module_preset=&#8221;default&#8221;][et_pb_column type=&#8221;1_2&#8243; _builder_version=&#8221;4.6.6&#8243; _module_preset=&#8221;default&#8221;][et_pb_image src=&#8221;http:\/\/vipinvest.hu\/wp-content\/uploads\/2020\/11\/key-2323278_640.jpg&#8221; title_text=&#8221;key-2323278_640&#8243; _builder_version=&#8221;4.6.6&#8243; _module_preset=&#8221;default&#8221; box_shadow_style=&#8221;preset1&#8243; box_shadow_color=&#8221;#1f3777&#8243;][\/et_pb_image][\/et_pb_column][et_pb_column type=&#8221;1_2&#8243; _builder_version=&#8221;4.6.6&#8243; _module_preset=&#8221;default&#8221;][et_pb_text _builder_version=&#8221;4.6.6&#8243; _module_preset=&#8221;default&#8221; text_font=&#8221;Montserrat||||||||&#8221; text_text_color=&#8221;#000000&#8243; text_font_size=&#8221;19px&#8221; text_line_height=&#8221;1.6em&#8221; header_2_font=&#8221;Montserrat|600|||||||&#8221; header_2_font_size=&#8221;22px&#8221; header_2_line_height=&#8221;1.6em&#8221;]<\/p>\n<h2>A fenti szolg\u00e1ltat\u00e1sok alapj\u00e1n tehermentess\u00e9get biztos\u00edt \u00e9s bizalmat szerez. A j\u00f3l v\u00e9gzett munka eredm\u00e9nyek\u00e9nt hossz\u00fa t\u00e1v\u00fa \u201eStabil Partner\u201d-i kapcsolat alakul ki Megrendel\u0151 \u00e9s M\u0171szaki ellen\u0151r kapcsolat\u00e1b\u00f3l.<\/h2>\n<p>[\/et_pb_text][et_pb_button button_url=&#8221;http:\/\/vipinvest.hu\/?page_id=14&#8243; url_new_window=&#8221;on&#8221; button_text=&#8221;Aj\u00e1nlatk\u00e9r\u00e9s&#8221; button_alignment=&#8221;center&#8221; _builder_version=&#8221;4.7.3&#8243; custom_button=&#8221;on&#8221; button_text_size=&#8221;16px&#8221; button_text_color=&#8221;#ffffff&#8221; button_bg_color=&#8221;#f15524&#8243; button_border_width=&#8221;0px&#8221; button_border_color=&#8221;#ff5e14&#8243; button_border_radius=&#8221;3px&#8221; button_font=&#8221;Montserrat|700|||||||&#8221; button_icon=&#8221;%%24%%&#8221; button_icon_color=&#8221;#ffffff&#8221; custom_padding=&#8221;18px|39px|18px|39px|true|true&#8221; button_text_color__hover_enabled=&#8221;on|hover&#8221; button_text_color__hover=&#8221;#ffffff&#8221; button_bg_color__hover_enabled=&#8221;on|hover&#8221; button_bg_color__hover=&#8221;#1f3777&#8243; button_bg_enable_color__hover=&#8221;on&#8221; button_border_color__hover_enabled=&#8221;on|hover&#8221; button_border_color__hover=&#8221;#0e2b5c&#8221; button_letter_spacing__hover_enabled=&#8221;on|desktop&#8221; button_letter_spacing__hover=&#8221;0px&#8221;][\/et_pb_button][\/et_pb_column][\/et_pb_row][\/et_pb_section][et_pb_section fb_built=&#8221;1&#8243; admin_label=&#8221;h\u00edvjon minket szekci\u00f3&#8221; _builder_version=&#8221;4.6.6&#8243; background_enable_image=&#8221;off&#8221; custom_padding=&#8221;102px||90px||false|false&#8221; top_divider_height=&#8221;40px&#8221; top_divider_flip=&#8221;vertical&#8221;][et_pb_row admin_label=&#8221;Reach Us Area&#8221; _builder_version=&#8221;3.25&#8243;][et_pb_column type=&#8221;4_4&#8243; _builder_version=&#8221;3.25&#8243; custom_padding=&#8221;|||&#8221; custom_padding__hover=&#8221;|||&#8221;][et_pb_text admin_label=&#8221;1&#8243; _builder_version=&#8221;4.6.6&#8243; header_2_font=&#8221;Montserrat|700||on|||||&#8221; header_2_text_align=&#8221;center&#8221; header_2_text_color=&#8221;#1f3351&#8243; header_2_font_size=&#8221;30px&#8221; max_width=&#8221;550px&#8221; module_alignment=&#8221;center&#8221; custom_margin=&#8221;||0px|&#8221;]<\/p>\n<h2>H\u00edvjon minket<\/h2>\n<p>[\/et_pb_text][et_pb_divider color=&#8221;#ffffff&#8221; divider_position=&#8221;center&#8221; divider_weight=&#8221;3px&#8221; _builder_version=&#8221;3.17.3&#8243; max_width=&#8221;50px&#8221; module_alignment=&#8221;center&#8221; custom_margin=&#8221;||20px|&#8221;][\/et_pb_divider][et_pb_text _builder_version=&#8221;4.6.6&#8243; text_font=&#8221;Montserrat||||||||&#8221; text_text_color=&#8221;#f15524&#8243; text_font_size=&#8221;15px&#8221; text_line_height=&#8221;1.6em&#8221; text_orientation=&#8221;center&#8221; max_width=&#8221;550px&#8221; module_alignment=&#8221;center&#8221;]<\/p>\n<p>Ha szolg\u00e1ltat\u00e1saink felkeltett\u00e9k az \u00e9rdekl\u0151d\u00e9st, az al\u00e1bbi el\u00e9rhet\u0151s\u00e9geinken keressen minket b\u00e1tran!<\/p>\n<p>[\/et_pb_text][\/et_pb_column][\/et_pb_row][et_pb_row column_structure=&#8221;1_3,1_3,1_3&#8243; use_custom_gutter=&#8221;on&#8221; gutter_width=&#8221;2&#8243; _builder_version=&#8221;3.25&#8243; global_module=&#8221;915&#8243;][et_pb_column type=&#8221;1_3&#8243; _builder_version=&#8221;3.25&#8243; custom_padding=&#8221;|||&#8221; custom_padding__hover=&#8221;|||&#8221;][et_pb_blurb title=&#8221;C\u00edm\u00fcnk&#8221; url=&#8221;http:\/\/vipinvest.hu\/?page_id=14\/#terkep&#8221; use_icon=&#8221;on&#8221; font_icon=&#8221;%%249%%&#8221; icon_color=&#8221;#1f3777&#8243; use_icon_font_size=&#8221;on&#8221; icon_font_size=&#8221;32px&#8221; admin_label=&#8221;1&#8243; _builder_version=&#8221;4.7.3&#8243; header_font=&#8221;Montserrat|700|||||||&#8221; header_text_color=&#8221;#1f3777&#8243; header_font_size=&#8221;20px&#8221; header_line_height=&#8221;1.6em&#8221; body_font=&#8221;Montserrat||||||||&#8221; body_text_color=&#8221;#232528&#8243; body_line_height=&#8221;1.8em&#8221; background_color=&#8221;#ffffff&#8221; text_orientation=&#8221;center&#8221; custom_padding=&#8221;60px|30px|60px|30px&#8221; animation_style=&#8221;fade&#8221; link_option_url=&#8221;http:\/\/vipinvest.hu\/?page_id=14\/#terkep&#8221; box_shadow_style=&#8221;preset1&#8243; box_shadow_color=&#8221;rgba(0,0,0,0.58)&#8221;]<\/p>\n<p>2465 R\u00e1ckereszt\u00far Szegf\u0171 u. 2\/1<\/p>\n<p>[\/et_pb_blurb][\/et_pb_column][et_pb_column type=&#8221;1_3&#8243; _builder_version=&#8221;3.25&#8243; custom_padding=&#8221;|||&#8221; custom_padding__hover=&#8221;|||&#8221;][et_pb_blurb title=&#8221;Telefonsz\u00e1m&#8221; use_icon=&#8221;on&#8221; font_icon=&#8221;%%264%%&#8221; icon_color=&#8221;#1f3777&#8243; use_icon_font_size=&#8221;on&#8221; icon_font_size=&#8221;32px&#8221; admin_label=&#8221;1&#8243; _builder_version=&#8221;4.7.3&#8243; header_font=&#8221;Montserrat|700|||||||&#8221; header_text_color=&#8221;#1f3777&#8243; header_font_size=&#8221;20px&#8221; header_line_height=&#8221;1.6em&#8221; body_font=&#8221;Montserrat||||||||&#8221; body_text_color=&#8221;#232528&#8243; body_line_height=&#8221;1.8em&#8221; background_color=&#8221;#ffffff&#8221; text_orientation=&#8221;center&#8221; custom_padding=&#8221;60px|30px|60px|30px&#8221; animation_style=&#8221;fade&#8221; box_shadow_style=&#8221;preset1&#8243; box_shadow_color=&#8221;rgba(0,0,0,0.58)&#8221;]<\/p>\n<p>+36 20 462 98 36<\/p>\n<p>[\/et_pb_blurb][\/et_pb_column][et_pb_column type=&#8221;1_3&#8243; _builder_version=&#8221;3.25&#8243; custom_padding=&#8221;|||&#8221; custom_padding__hover=&#8221;|||&#8221;][et_pb_blurb title=&#8221;Email&#8221; url=&#8221;http:\/\/vipinvest.hu\/?page_id=14&#8243; use_icon=&#8221;on&#8221; font_icon=&#8221;%%238%%&#8221; icon_color=&#8221;#1f3777&#8243; use_icon_font_size=&#8221;on&#8221; icon_font_size=&#8221;32px&#8221; admin_label=&#8221;1&#8243; _builder_version=&#8221;4.7.3&#8243; header_font=&#8221;Montserrat|700|||||||&#8221; header_text_color=&#8221;#1f3777&#8243; header_font_size=&#8221;20px&#8221; header_line_height=&#8221;1.6em&#8221; body_font=&#8221;Montserrat||||||||&#8221; body_text_color=&#8221;#232528&#8243; body_line_height=&#8221;1.8em&#8221; background_color=&#8221;#ffffff&#8221; text_orientation=&#8221;center&#8221; custom_padding=&#8221;60px|30px|60px|30px&#8221; animation_style=&#8221;fade&#8221; link_option_url=&#8221;http:\/\/vipinvest.hu\/?page_id=14&#8243; box_shadow_style=&#8221;preset1&#8243; box_shadow_color=&#8221;rgba(0,0,0,0.58)&#8221;]<\/p>\n<p>office@vipinvest.hu<\/p>\n<p>[\/et_pb_blurb][\/et_pb_column][\/et_pb_row][\/et_pb_section]<\/p>\n","protected":false},"excerpt":{"rendered":"<p>[et_pb_section fb_built=&#8221;1&#8243; _builder_version=&#8221;4.6.6&#8243; background_color=&#8221;#282828&#8243; use_background_color_gradient=&#8221;on&#8221; background_color_gradient_start=&#8221;#1f3351&#8243; background_color_gradient_end=&#8221;rgba(40,40,40,0.38)&#8221; background_color_gradient_overlays_image=&#8221;on&#8221; background_image=&#8221;http:\/\/vipinvest.hu\/wp-content\/uploads\/2020\/11\/iceland-3930162_1280-1-1.jpg&#8221; custom_padding=&#8221;10%|0px|10%|0px|true|false&#8221;][et_pb_row _builder_version=&#8221;3.25&#8243; custom_padding=&#8221;27px|0px|0|0px|false|false&#8221; custom_css_main_element=&#8221;z-index:99999 !important;&#8221;][et_pb_column type=&#8221;4_4&#8243; _builder_version=&#8221;3.25&#8243; custom_padding=&#8221;|||&#8221; custom_padding__hover=&#8221;|||&#8221;][et_pb_text _builder_version=&#8221;4.6.6&#8243; _module_preset=&#8221;default&#8221; header_font=&#8221;Montserrat|700||on|||||&#8221; header_text_align=&#8221;center&#8221; header_text_color=&#8221;#ffffff&#8221; header_font_size=&#8221;40px&#8221; header_line_height=&#8221;1.6em&#8221;] Mi\u00e9rt fontos a Stabil Partner? [\/et_pb_text][\/et_pb_column][\/et_pb_row][\/et_pb_section][et_pb_section fb_built=&#8221;1&#8243; _builder_version=&#8221;4.6.6&#8243; _module_preset=&#8221;default&#8221;][et_pb_row column_structure=&#8221;2_5,3_5&#8243; _builder_version=&#8221;4.6.6&#8243; _module_preset=&#8221;default&#8221;][et_pb_column type=&#8221;2_5&#8243; _builder_version=&#8221;4.6.6&#8243; _module_preset=&#8221;default&#8221;][et_pb_image src=&#8221;http:\/\/vipinvest.hu\/wp-content\/uploads\/2020\/11\/architecture-1477041_640.jpg&#8221; title_text=&#8221;architecture-1477041_640&#8243; _builder_version=&#8221;4.6.6&#8243; _module_preset=&#8221;default&#8221; box_shadow_style=&#8221;preset1&#8243; box_shadow_color=&#8221;#1f3777&#8243;][\/et_pb_image][et_pb_image src=&#8221;http:\/\/vipinvest.hu\/wp-content\/uploads\/2020\/11\/house-1407562_640.jpg&#8221; title_text=&#8221;house-1407562_640&#8243; _builder_version=&#8221;4.6.6&#8243; _module_preset=&#8221;default&#8221; box_shadow_style=&#8221;preset1&#8243; box_shadow_color=&#8221;#1f3777&#8243;][\/et_pb_image][\/et_pb_column][et_pb_column type=&#8221;3_5&#8243; _builder_version=&#8221;4.6.6&#8243; _module_preset=&#8221;default&#8221;][et_pb_text [&hellip;]<\/p>\n","protected":false},"author":2,"featured_media":0,"parent":0,"menu_order":0,"comment_status":"closed","ping_status":"closed","template":"","meta":{"_et_pb_use_builder":"on","_et_pb_old_content":"","_et_gb_content_width":""},"_links":{"self":[{"href":"http:\/\/vipinvest.hu\/index.php?rest_route=\/wp\/v2\/pages\/112"}],"collection":[{"href":"http:\/\/vipinvest.hu\/index.php?rest_route=\/wp\/v2\/pages"}],"about":[{"href":"http:\/\/vipinvest.hu\/index.php?rest_route=\/wp\/v2\/types\/page"}],"author":[{"embeddable":true,"href":"http:\/\/vipinvest.hu\/index.php?rest_route=\/wp\/v2\/users\/2"}],"replies":[{"embeddable":true,"href":"http:\/\/vipinvest.hu\/index.php?rest_route=%2Fwp%2Fv2%2Fcomments&post=112"}],"version-history":[{"count":7,"href":"http:\/\/vipinvest.hu\/index.php?rest_route=\/wp\/v2\/pages\/112\/revisions"}],"predecessor-version":[{"id":932,"href":"http:\/\/vipinvest.hu\/index.php?rest_route=\/wp\/v2\/pages\/112\/revisions\/932"}],"wp:attachment":[{"href":"http:\/\/vipinvest.hu\/index.php?rest_route=%2Fwp%2Fv2%2Fmedia&parent=112"}],"curies":[{"name":"wp","href":"https:\/\/api.w.org\/{rel}","templated":true}]}}