{"id":110,"date":"2020-11-20T08:31:47","date_gmt":"2020-11-20T08:31:47","guid":{"rendered":"http:\/\/vipinvest.hu\/?page_id=110"},"modified":"2020-11-23T08:39:36","modified_gmt":"2020-11-23T08:39:36","slug":"mernoki-tanacsadas","status":"publish","type":"page","link":"http:\/\/vipinvest.hu\/?page_id=110","title":{"rendered":"M\u00e9rn\u00f6ki tan\u00e1csad\u00e1s"},"content":{"rendered":"<p>[et_pb_section fb_built=&#8221;1&#8243; _builder_version=&#8221;4.6.6&#8243; background_color=&#8221;#282828&#8243; use_background_color_gradient=&#8221;on&#8221; background_color_gradient_start=&#8221;#1f3351&#8243; background_color_gradient_end=&#8221;rgba(40,40,40,0.38)&#8221; background_color_gradient_overlays_image=&#8221;on&#8221; background_image=&#8221;http:\/\/vipinvest.hu\/wp-content\/uploads\/2020\/11\/sketch-book-455698_1280-1-1.jpg&#8221; custom_padding=&#8221;10%|0px|10%|0px|true|false&#8221;][et_pb_row _builder_version=&#8221;3.25&#8243; custom_padding=&#8221;27px|0px|0|0px|false|false&#8221; custom_css_main_element=&#8221;z-index:99999 !important;&#8221;][et_pb_column type=&#8221;4_4&#8243; _builder_version=&#8221;3.25&#8243; custom_padding=&#8221;|||&#8221; custom_padding__hover=&#8221;|||&#8221;][et_pb_text _builder_version=&#8221;4.7.3&#8243; _module_preset=&#8221;default&#8221; header_font=&#8221;Montserrat|700||on|||||&#8221; header_text_align=&#8221;center&#8221; header_text_color=&#8221;#ffffff&#8221; header_font_size=&#8221;40px&#8221; header_line_height=&#8221;1.6em&#8221; header_font_size_tablet=&#8221;&#8221; header_font_size_phone=&#8221;30px&#8221; header_font_size_last_edited=&#8221;on|phone&#8221;]<\/p>\n<h1>M\u00e9rn\u00f6ki tan\u00e1csad\u00e1s<\/h1>\n<p>[\/et_pb_text][\/et_pb_column][\/et_pb_row][\/et_pb_section][et_pb_section fb_built=&#8221;1&#8243; _builder_version=&#8221;4.6.6&#8243; _module_preset=&#8221;default&#8221;][et_pb_row column_structure=&#8221;2_5,3_5&#8243; _builder_version=&#8221;4.6.6&#8243; _module_preset=&#8221;default&#8221;][et_pb_column type=&#8221;2_5&#8243; _builder_version=&#8221;4.6.6&#8243; _module_preset=&#8221;default&#8221;][et_pb_blurb title=&#8221;M\u00e9rn\u00f6ki szolg\u00e1ltat\u00e1sok&#8221; image=&#8221;http:\/\/vipinvest.hu\/wp-content\/uploads\/2020\/11\/building-plan-354233_1280-1-1.jpg&#8221; _builder_version=&#8221;4.7.3&#8243; _module_preset=&#8221;default&#8221; header_font=&#8221;Montserrat|600|||||||&#8221; header_font_size=&#8221;20px&#8221; header_line_height=&#8221;1.6em&#8221; body_font=&#8221;Montserrat||||||||&#8221; body_font_size=&#8221;16px&#8221; body_line_height=&#8221;1.6em&#8221; custom_margin=&#8221;0px||||false|false&#8221; custom_padding=&#8221;30px|25px|30px|25px|true|true&#8221; hover_enabled=&#8221;0&#8243; border_width_all=&#8221;1px&#8221; border_color_all=&#8221;#1f3777&#8243; box_shadow_style=&#8221;preset1&#8243; box_shadow_color=&#8221;rgba(32,55,119,0.69)&#8221; box_shadow_style_image=&#8221;preset1&#8243; sticky_enabled=&#8221;0&#8243;]<\/p>\n<p><span style=\"color: #000080;\"><a href=\"http:\/\/vipinvest.hu\/?page_id=53\" target=\"_blank\" rel=\"noopener noreferrer\" style=\"color: #000080;\"><strong>Lakoss\u00e1gi<\/strong> Partnerek r\u00e9sz\u00e9re<\/a><\/span><\/p>\n<p><span style=\"color: #000080;\"><a href=\"http:\/\/vipinvest.hu\/?page_id=49\" target=\"_blank\" rel=\"noopener noreferrer\" style=\"color: #000080;\"><strong>K\u00f6z\u00fcleti<\/strong> Partnerek r\u00e9sz\u00e9re<\/a><\/span><\/p>\n<p><span style=\"color: #000080;\"><a href=\"http:\/\/vipinvest.hu\/?page_id=57\" target=\"_blank\" rel=\"noopener noreferrer\" style=\"color: #000080;\"><strong>\u00c1llami<\/strong> Partnerek r\u00e9sz\u00e9re<\/a><\/span><\/p>\n<p>&nbsp;<\/p>\n<p>[\/et_pb_blurb][et_pb_image src=&#8221;http:\/\/vipinvest.hu\/wp-content\/uploads\/2020\/11\/Canva-Civil-Engineer-Planning-Dam-1.jpg&#8221; title_text=&#8221;Canva &#8211; Civil Engineer Planning Dam (1)&#8221; _builder_version=&#8221;4.6.6&#8243; _module_preset=&#8221;default&#8221; custom_margin=&#8221;70px||||false|false&#8221; box_shadow_style=&#8221;preset1&#8243; box_shadow_spread=&#8221;2px&#8221; box_shadow_color=&#8221;#041f51&#8243;][\/et_pb_image][\/et_pb_column][et_pb_column type=&#8221;3_5&#8243; _builder_version=&#8221;4.6.6&#8243; _module_preset=&#8221;default&#8221;][et_pb_text _builder_version=&#8221;4.6.6&#8243; _module_preset=&#8221;default&#8221; text_font=&#8221;Montserrat||||||||&#8221; text_text_color=&#8221;#000000&#8243; text_font_size=&#8221;19px&#8221; text_line_height=&#8221;1.6em&#8221;]<\/p>\n<p>A Megb\u00edz\u00f3i ig\u00e9nyekhez igazodva C\u00e9g\u00fcnk legfontosabb term\u00e9ke az ig\u00e9nyes, k\u00f6lts\u00e9g hat\u00e9kony magas- \u00e9s m\u00e9ly\u00e9p\u00edt\u00e9si l\u00e9tes\u00edtm\u00e9nyek megval\u00f3s\u00edt\u00e1sa. A legfontosabb szempont tev\u00e9kenys\u00e9geink v\u00e9gz\u00e9sekor a gazdas\u00e1gos, gyorsan \u00e9s szakszer\u0171en meg\u00e9p\u00edtett \u00e9p\u00edtm\u00e9nyek l\u00e9trehoz\u00e1sa.<\/p>\n<p><strong>Szolg\u00e1ltat\u00e1sainkat mindig az aktu\u00e1lis projektekhez igaz\u00edtva k\u00edn\u00e1ljuk a k\u00f6vetkez\u0151 m\u00e9rn\u00f6ki tev\u00e9kenys\u00e9gi k\u00f6r\u00f6kben:<\/strong><\/p>\n<p>[\/et_pb_text][et_pb_blurb title=&#8221;Beruh\u00e1z\u00e1s el\u0151k\u00e9sz\u00edt\u00e9s&#8221; use_icon=&#8221;on&#8221; font_icon=&#8221;%%45%%&#8221; icon_color=&#8221;#f15524&#8243; icon_placement=&#8221;left&#8221; use_icon_font_size=&#8221;on&#8221; icon_font_size=&#8221;35px&#8221; _builder_version=&#8221;4.6.6&#8243; _module_preset=&#8221;default&#8221; header_font=&#8221;Montserrat|600|||||||&#8221; header_font_size=&#8221;20px&#8221; header_line_height=&#8221;1.6em&#8221;][\/et_pb_blurb][et_pb_blurb title=&#8221;Tervez\u00e9si program \u00f6ssze\u00e1ll\u00edt\u00e1s&#8221; use_icon=&#8221;on&#8221; font_icon=&#8221;%%45%%&#8221; icon_color=&#8221;#f15524&#8243; icon_placement=&#8221;left&#8221; use_icon_font_size=&#8221;on&#8221; icon_font_size=&#8221;35px&#8221; _builder_version=&#8221;4.6.6&#8243; _module_preset=&#8221;default&#8221; header_font=&#8221;Montserrat|600|||||||&#8221; header_font_size=&#8221;20px&#8221; header_line_height=&#8221;1.6em&#8221;][\/et_pb_blurb][et_pb_blurb title=&#8221;M\u0171szaki-gazdas\u00e1gi tan\u00e1csad\u00e1s&#8221; use_icon=&#8221;on&#8221; font_icon=&#8221;%%45%%&#8221; icon_color=&#8221;#f15524&#8243; icon_placement=&#8221;left&#8221; use_icon_font_size=&#8221;on&#8221; icon_font_size=&#8221;35px&#8221; _builder_version=&#8221;4.6.6&#8243; _module_preset=&#8221;default&#8221; header_font=&#8221;Montserrat|600|||||||&#8221; header_font_size=&#8221;20px&#8221; header_line_height=&#8221;1.6em&#8221;][\/et_pb_blurb][et_pb_blurb title=&#8221;Gener\u00e1l- \u00e9s szak\u00e1gi tervez\u00e9s&#8221; use_icon=&#8221;on&#8221; font_icon=&#8221;%%45%%&#8221; icon_color=&#8221;#f15524&#8243; icon_placement=&#8221;left&#8221; use_icon_font_size=&#8221;on&#8221; icon_font_size=&#8221;35px&#8221; _builder_version=&#8221;4.6.6&#8243; _module_preset=&#8221;default&#8221; header_font=&#8221;Montserrat|600|||||||&#8221; header_font_size=&#8221;20px&#8221; header_line_height=&#8221;1.6em&#8221;][\/et_pb_blurb][et_pb_blurb title=&#8221;Tervfel\u00fclvizsg\u00e1lat \u2013 v\u00e9lem\u00e9nyez\u00e9s&#8221; use_icon=&#8221;on&#8221; font_icon=&#8221;%%45%%&#8221; icon_color=&#8221;#f15524&#8243; icon_placement=&#8221;left&#8221; use_icon_font_size=&#8221;on&#8221; icon_font_size=&#8221;35px&#8221; _builder_version=&#8221;4.6.6&#8243; _module_preset=&#8221;default&#8221; header_font=&#8221;Montserrat|600|||||||&#8221; header_font_size=&#8221;20px&#8221; header_line_height=&#8221;1.6em&#8221;][\/et_pb_blurb][et_pb_blurb title=&#8221;K\u00f6lts\u00e9gvet\u00e9s k\u00e9sz\u00edt\u00e9s&#8221; use_icon=&#8221;on&#8221; font_icon=&#8221;%%45%%&#8221; icon_color=&#8221;#f15524&#8243; icon_placement=&#8221;left&#8221; use_icon_font_size=&#8221;on&#8221; icon_font_size=&#8221;35px&#8221; _builder_version=&#8221;4.6.6&#8243; _module_preset=&#8221;default&#8221; header_font=&#8221;Montserrat|600|||||||&#8221; header_font_size=&#8221;20px&#8221; header_line_height=&#8221;1.6em&#8221;][\/et_pb_blurb][et_pb_blurb title=&#8221;K\u00f6lts\u00e9gszak\u00e9rt\u00e9s \u2013 optimaliz\u00e1l\u00e1s&#8221; use_icon=&#8221;on&#8221; font_icon=&#8221;%%45%%&#8221; icon_color=&#8221;#f15524&#8243; icon_placement=&#8221;left&#8221; use_icon_font_size=&#8221;on&#8221; icon_font_size=&#8221;35px&#8221; _builder_version=&#8221;4.6.6&#8243; _module_preset=&#8221;default&#8221; header_font=&#8221;Montserrat|600|||||||&#8221; header_font_size=&#8221;22px&#8221; header_line_height=&#8221;1.6em&#8221;][\/et_pb_blurb][et_pb_blurb title=&#8221;Felel\u0151s m\u0171szaki vezet\u00e9s&#8221; use_icon=&#8221;on&#8221; font_icon=&#8221;%%45%%&#8221; icon_color=&#8221;#f15524&#8243; icon_placement=&#8221;left&#8221; use_icon_font_size=&#8221;on&#8221; icon_font_size=&#8221;35px&#8221; _builder_version=&#8221;4.6.6&#8243; _module_preset=&#8221;default&#8221; header_font=&#8221;Montserrat|600|||||||&#8221; header_font_size=&#8221;20px&#8221; header_line_height=&#8221;1.6em&#8221;][\/et_pb_blurb][et_pb_blurb title=&#8221;M\u0171szaki ellen\u0151rz\u00e9s&#8221; use_icon=&#8221;on&#8221; font_icon=&#8221;%%45%%&#8221; icon_color=&#8221;#f15524&#8243; icon_placement=&#8221;left&#8221; use_icon_font_size=&#8221;on&#8221; icon_font_size=&#8221;35px&#8221; _builder_version=&#8221;4.6.6&#8243; _module_preset=&#8221;default&#8221; header_font=&#8221;Montserrat|600|||||||&#8221; header_font_size=&#8221;20px&#8221; header_line_height=&#8221;1.6em&#8221;][\/et_pb_blurb][et_pb_blurb title=&#8221;Projektmenedzsel\u00e9s&#8221; use_icon=&#8221;on&#8221; font_icon=&#8221;%%45%%&#8221; icon_color=&#8221;#f15524&#8243; icon_placement=&#8221;left&#8221; use_icon_font_size=&#8221;on&#8221; icon_font_size=&#8221;35px&#8221; _builder_version=&#8221;4.6.6&#8243; _module_preset=&#8221;default&#8221; header_font=&#8221;Montserrat|600|||||||&#8221; header_font_size=&#8221;20px&#8221; header_line_height=&#8221;1.6em&#8221;][\/et_pb_blurb][et_pb_blurb title=&#8221;Beruh\u00e1z\u00e1s szervez\u00e9s, lebonyol\u00edt\u00e1s&#8221; use_icon=&#8221;on&#8221; font_icon=&#8221;%%45%%&#8221; icon_color=&#8221;#f15524&#8243; icon_placement=&#8221;left&#8221; use_icon_font_size=&#8221;on&#8221; icon_font_size=&#8221;35px&#8221; _builder_version=&#8221;4.6.6&#8243; _module_preset=&#8221;default&#8221; header_font=&#8221;Montserrat|600|||||||&#8221; header_font_size=&#8221;20px&#8221; header_line_height=&#8221;1.6em&#8221;][\/et_pb_blurb][et_pb_blurb title=&#8221;Gener\u00e1l kivitelez\u00e9s&#8221; use_icon=&#8221;on&#8221; font_icon=&#8221;%%45%%&#8221; icon_color=&#8221;#f15524&#8243; icon_placement=&#8221;left&#8221; use_icon_font_size=&#8221;on&#8221; icon_font_size=&#8221;35px&#8221; _builder_version=&#8221;4.6.6&#8243; _module_preset=&#8221;default&#8221; header_font=&#8221;Montserrat|600|||||||&#8221; header_font_size=&#8221;20px&#8221; header_line_height=&#8221;1.6em&#8221;][\/et_pb_blurb][et_pb_blurb title=&#8221;Ingatlan forgalmaz\u00e1s&#8221; use_icon=&#8221;on&#8221; font_icon=&#8221;%%45%%&#8221; icon_color=&#8221;#f15524&#8243; icon_placement=&#8221;left&#8221; use_icon_font_size=&#8221;on&#8221; icon_font_size=&#8221;35px&#8221; _builder_version=&#8221;4.6.6&#8243; _module_preset=&#8221;default&#8221; header_font=&#8221;Montserrat|600|||||||&#8221; header_font_size=&#8221;20px&#8221; header_line_height=&#8221;1.6em&#8221;][\/et_pb_blurb][et_pb_blurb title=&#8221;\u00c1ltal\u00e1nos- \u00e9s ipari geod\u00e9zia&#8221; use_icon=&#8221;on&#8221; font_icon=&#8221;%%45%%&#8221; icon_color=&#8221;#f15524&#8243; icon_placement=&#8221;left&#8221; use_icon_font_size=&#8221;on&#8221; icon_font_size=&#8221;35px&#8221; _builder_version=&#8221;4.6.6&#8243; _module_preset=&#8221;default&#8221; header_font=&#8221;Montserrat|600|||||||&#8221; header_font_size=&#8221;20px&#8221; header_line_height=&#8221;1.6em&#8221;][\/et_pb_blurb][et_pb_blurb title=&#8221;Ingatlanrendez\u00e9se \u00e9s f\u00f6ldm\u00e9r\u00e9si munk\u00e1k&#8221; use_icon=&#8221;on&#8221; font_icon=&#8221;%%45%%&#8221; icon_color=&#8221;#f15524&#8243; icon_placement=&#8221;left&#8221; use_icon_font_size=&#8221;on&#8221; icon_font_size=&#8221;35px&#8221; _builder_version=&#8221;4.6.6&#8243; _module_preset=&#8221;default&#8221; header_font=&#8221;Montserrat|600|||||||&#8221; header_font_size=&#8221;20px&#8221; header_line_height=&#8221;1.6em&#8221;][\/et_pb_blurb][\/et_pb_column][\/et_pb_row][\/et_pb_section][et_pb_section fb_built=&#8221;1&#8243; admin_label=&#8221;h\u00edvjon minket szekci\u00f3&#8221; _builder_version=&#8221;4.6.6&#8243; background_enable_image=&#8221;off&#8221; custom_padding=&#8221;102px||90px||false|false&#8221; top_divider_height=&#8221;40px&#8221; top_divider_flip=&#8221;vertical&#8221;][et_pb_row admin_label=&#8221;Reach Us Area&#8221; _builder_version=&#8221;3.25&#8243;][et_pb_column type=&#8221;4_4&#8243; _builder_version=&#8221;3.25&#8243; custom_padding=&#8221;|||&#8221; custom_padding__hover=&#8221;|||&#8221;][et_pb_text admin_label=&#8221;1&#8243; _builder_version=&#8221;4.6.6&#8243; header_2_font=&#8221;Montserrat|700||on|||||&#8221; header_2_text_align=&#8221;center&#8221; header_2_text_color=&#8221;#1f3351&#8243; header_2_font_size=&#8221;30px&#8221; max_width=&#8221;550px&#8221; module_alignment=&#8221;center&#8221; custom_margin=&#8221;||0px|&#8221;]<\/p>\n<h2>H\u00edvjon minket<\/h2>\n<p>[\/et_pb_text][et_pb_divider color=&#8221;#ffffff&#8221; divider_position=&#8221;center&#8221; divider_weight=&#8221;3px&#8221; _builder_version=&#8221;3.17.3&#8243; max_width=&#8221;50px&#8221; module_alignment=&#8221;center&#8221; custom_margin=&#8221;||20px|&#8221;][\/et_pb_divider][et_pb_text _builder_version=&#8221;4.6.6&#8243; text_font=&#8221;Montserrat||||||||&#8221; text_text_color=&#8221;#f15524&#8243; text_font_size=&#8221;15px&#8221; text_line_height=&#8221;1.6em&#8221; text_orientation=&#8221;center&#8221; max_width=&#8221;550px&#8221; module_alignment=&#8221;center&#8221;]<\/p>\n<p>Ha szolg\u00e1ltat\u00e1saink felkeltett\u00e9k az \u00e9rdekl\u0151d\u00e9st, az al\u00e1bbi el\u00e9rhet\u0151s\u00e9geinken keressen minket b\u00e1tran!<\/p>\n<p>[\/et_pb_text][\/et_pb_column][\/et_pb_row][et_pb_row column_structure=&#8221;1_3,1_3,1_3&#8243; use_custom_gutter=&#8221;on&#8221; gutter_width=&#8221;2&#8243; _builder_version=&#8221;3.25&#8243; global_module=&#8221;915&#8243;][et_pb_column type=&#8221;1_3&#8243; _builder_version=&#8221;3.25&#8243; custom_padding=&#8221;|||&#8221; custom_padding__hover=&#8221;|||&#8221;][et_pb_blurb title=&#8221;C\u00edm\u00fcnk&#8221; url=&#8221;http:\/\/vipinvest.hu\/?page_id=14\/#terkep&#8221; use_icon=&#8221;on&#8221; font_icon=&#8221;%%249%%&#8221; icon_color=&#8221;#1f3777&#8243; use_icon_font_size=&#8221;on&#8221; icon_font_size=&#8221;32px&#8221; admin_label=&#8221;1&#8243; _builder_version=&#8221;4.7.3&#8243; header_font=&#8221;Montserrat|700|||||||&#8221; header_text_color=&#8221;#1f3777&#8243; header_font_size=&#8221;20px&#8221; header_line_height=&#8221;1.6em&#8221; body_font=&#8221;Montserrat||||||||&#8221; body_text_color=&#8221;#232528&#8243; body_line_height=&#8221;1.8em&#8221; background_color=&#8221;#ffffff&#8221; text_orientation=&#8221;center&#8221; custom_padding=&#8221;60px|30px|60px|30px&#8221; animation_style=&#8221;fade&#8221; link_option_url=&#8221;http:\/\/vipinvest.hu\/?page_id=14\/#terkep&#8221; box_shadow_style=&#8221;preset1&#8243; box_shadow_color=&#8221;rgba(0,0,0,0.58)&#8221;]<\/p>\n<p>2465 R\u00e1ckereszt\u00far Szegf\u0171 u. 2\/1<\/p>\n<p>[\/et_pb_blurb][\/et_pb_column][et_pb_column type=&#8221;1_3&#8243; _builder_version=&#8221;3.25&#8243; custom_padding=&#8221;|||&#8221; custom_padding__hover=&#8221;|||&#8221;][et_pb_blurb title=&#8221;Telefonsz\u00e1m&#8221; use_icon=&#8221;on&#8221; font_icon=&#8221;%%264%%&#8221; icon_color=&#8221;#1f3777&#8243; use_icon_font_size=&#8221;on&#8221; icon_font_size=&#8221;32px&#8221; admin_label=&#8221;1&#8243; _builder_version=&#8221;4.7.3&#8243; header_font=&#8221;Montserrat|700|||||||&#8221; header_text_color=&#8221;#1f3777&#8243; header_font_size=&#8221;20px&#8221; header_line_height=&#8221;1.6em&#8221; body_font=&#8221;Montserrat||||||||&#8221; body_text_color=&#8221;#232528&#8243; body_line_height=&#8221;1.8em&#8221; background_color=&#8221;#ffffff&#8221; text_orientation=&#8221;center&#8221; custom_padding=&#8221;60px|30px|60px|30px&#8221; animation_style=&#8221;fade&#8221; box_shadow_style=&#8221;preset1&#8243; box_shadow_color=&#8221;rgba(0,0,0,0.58)&#8221;]<\/p>\n<p>+36 20 462 98 36<\/p>\n<p>[\/et_pb_blurb][\/et_pb_column][et_pb_column type=&#8221;1_3&#8243; _builder_version=&#8221;3.25&#8243; custom_padding=&#8221;|||&#8221; custom_padding__hover=&#8221;|||&#8221;][et_pb_blurb title=&#8221;Email&#8221; url=&#8221;http:\/\/vipinvest.hu\/?page_id=14&#8243; use_icon=&#8221;on&#8221; font_icon=&#8221;%%238%%&#8221; icon_color=&#8221;#1f3777&#8243; use_icon_font_size=&#8221;on&#8221; icon_font_size=&#8221;32px&#8221; admin_label=&#8221;1&#8243; _builder_version=&#8221;4.7.3&#8243; header_font=&#8221;Montserrat|700|||||||&#8221; header_text_color=&#8221;#1f3777&#8243; header_font_size=&#8221;20px&#8221; header_line_height=&#8221;1.6em&#8221; body_font=&#8221;Montserrat||||||||&#8221; body_text_color=&#8221;#232528&#8243; body_line_height=&#8221;1.8em&#8221; background_color=&#8221;#ffffff&#8221; text_orientation=&#8221;center&#8221; custom_padding=&#8221;60px|30px|60px|30px&#8221; animation_style=&#8221;fade&#8221; link_option_url=&#8221;http:\/\/vipinvest.hu\/?page_id=14&#8243; box_shadow_style=&#8221;preset1&#8243; box_shadow_color=&#8221;rgba(0,0,0,0.58)&#8221;]<\/p>\n<p>office@vipinvest.hu<\/p>\n<p>[\/et_pb_blurb][\/et_pb_column][\/et_pb_row][\/et_pb_section]<\/p>\n","protected":false},"excerpt":{"rendered":"<p>[et_pb_section fb_built=&#8221;1&#8243; _builder_version=&#8221;4.6.6&#8243; background_color=&#8221;#282828&#8243; use_background_color_gradient=&#8221;on&#8221; background_color_gradient_start=&#8221;#1f3351&#8243; background_color_gradient_end=&#8221;rgba(40,40,40,0.38)&#8221; background_color_gradient_overlays_image=&#8221;on&#8221; background_image=&#8221;http:\/\/vipinvest.hu\/wp-content\/uploads\/2020\/11\/sketch-book-455698_1280-1-1.jpg&#8221; custom_padding=&#8221;10%|0px|10%|0px|true|false&#8221;][et_pb_row _builder_version=&#8221;3.25&#8243; custom_padding=&#8221;27px|0px|0|0px|false|false&#8221; custom_css_main_element=&#8221;z-index:99999 !important;&#8221;][et_pb_column type=&#8221;4_4&#8243; _builder_version=&#8221;3.25&#8243; custom_padding=&#8221;|||&#8221; custom_padding__hover=&#8221;|||&#8221;][et_pb_text _builder_version=&#8221;4.7.3&#8243; _module_preset=&#8221;default&#8221; header_font=&#8221;Montserrat|700||on|||||&#8221; header_text_align=&#8221;center&#8221; header_text_color=&#8221;#ffffff&#8221; header_font_size=&#8221;40px&#8221; header_line_height=&#8221;1.6em&#8221; header_font_size_tablet=&#8221;&#8221; header_font_size_phone=&#8221;30px&#8221; header_font_size_last_edited=&#8221;on|phone&#8221;] M\u00e9rn\u00f6ki tan\u00e1csad\u00e1s [\/et_pb_text][\/et_pb_column][\/et_pb_row][\/et_pb_section][et_pb_section fb_built=&#8221;1&#8243; _builder_version=&#8221;4.6.6&#8243; _module_preset=&#8221;default&#8221;][et_pb_row column_structure=&#8221;2_5,3_5&#8243; _builder_version=&#8221;4.6.6&#8243; _module_preset=&#8221;default&#8221;][et_pb_column type=&#8221;2_5&#8243; _builder_version=&#8221;4.6.6&#8243; _module_preset=&#8221;default&#8221;][et_pb_blurb title=&#8221;M\u00e9rn\u00f6ki szolg\u00e1ltat\u00e1sok&#8221; image=&#8221;http:\/\/vipinvest.hu\/wp-content\/uploads\/2020\/11\/building-plan-354233_1280-1-1.jpg&#8221; _builder_version=&#8221;4.7.3&#8243; _module_preset=&#8221;default&#8221; header_font=&#8221;Montserrat|600|||||||&#8221; header_font_size=&#8221;20px&#8221; header_line_height=&#8221;1.6em&#8221; body_font=&#8221;Montserrat||||||||&#8221; body_font_size=&#8221;16px&#8221; body_line_height=&#8221;1.6em&#8221; custom_margin=&#8221;0px||||false|false&#8221; custom_padding=&#8221;30px|25px|30px|25px|true|true&#8221; hover_enabled=&#8221;0&#8243; border_width_all=&#8221;1px&#8221; [&hellip;]<\/p>\n","protected":false},"author":2,"featured_media":0,"parent":0,"menu_order":0,"comment_status":"closed","ping_status":"closed","template":"","meta":{"_et_pb_use_builder":"on","_et_pb_old_content":"","_et_gb_content_width":""},"_links":{"self":[{"href":"http:\/\/vipinvest.hu\/index.php?rest_route=\/wp\/v2\/pages\/110"}],"collection":[{"href":"http:\/\/vipinvest.hu\/index.php?rest_route=\/wp\/v2\/pages"}],"about":[{"href":"http:\/\/vipinvest.hu\/index.php?rest_route=\/wp\/v2\/types\/page"}],"author":[{"embeddable":true,"href":"http:\/\/vipinvest.hu\/index.php?rest_route=\/wp\/v2\/users\/2"}],"replies":[{"embeddable":true,"href":"http:\/\/vipinvest.hu\/index.php?rest_route=%2Fwp%2Fv2%2Fcomments&post=110"}],"version-history":[{"count":9,"href":"http:\/\/vipinvest.hu\/index.php?rest_route=\/wp\/v2\/pages\/110\/revisions"}],"predecessor-version":[{"id":922,"href":"http:\/\/vipinvest.hu\/index.php?rest_route=\/wp\/v2\/pages\/110\/revisions\/922"}],"wp:attachment":[{"href":"http:\/\/vipinvest.hu\/index.php?rest_route=%2Fwp%2Fv2%2Fmedia&parent=110"}],"curies":[{"name":"wp","href":"https:\/\/api.w.org\/{rel}","templated":true}]}}